{"id":315,"date":"2021-04-25T12:03:34","date_gmt":"2021-04-25T10:03:34","guid":{"rendered":"https:\/\/arromanches-plongees-epaves.fr\/?page_id=315"},"modified":"2024-08-21T09:26:53","modified_gmt":"2024-08-21T07:26:53","slug":"sorties-en-mer-2","status":"publish","type":"page","link":"https:\/\/arromanches-plongees-epaves.fr\/index.php\/sorties-en-mer-2\/","title":{"rendered":"Sorties en mer"},"content":{"rendered":"\n<p><strong>Sorties en mer<\/strong><\/p>\n\n\n\n<p>Le club est bien \u00e9quip\u00e9 pour emmener des plongeurs de tout club, de diff\u00e9rents niveaux, \u00e0 condition que ceux-ci soient titulaires des comp\u00e9tences d\u00e9taill\u00e9es<strong>\u2026<\/strong> <a href=\"https:\/\/arromanches-plongees-epaves.fr\/index.php\/conditions-pour-venir-plonger\/\" data-type=\"URL\" data-id=\"https:\/\/arromanches-plongees-epaves.fr\/index.php\/conditions-pour-venir-plonger\/\" target=\"_blank\" rel=\"noreferrer noopener\">ICI<\/a><\/p>\n\n\n\n<p>Il est&nbsp;g\u00e9r\u00e9 par des b\u00e9n\u00e9voles&nbsp;qui souhaitent&nbsp;faire profiter de son \u00e9quipement \u00e0 un maximum de plongeurs autonomes et faire conna\u00eetre les sites Normands tr\u00e8s int\u00e9ressants.<\/p>\n\n\n\n<p><strong><mark style=\"background-color:rgba(0, 0, 0, 0)\" class=\"has-inline-color has-vivid-purple-color\">Sa vocation n\u2019est pas de faire de l\u2019encadrement de plong\u00e9e\u00a0car il ne dispose pas d\u2019un encadrement suffisant pour cette activit\u00e9<\/mark><mark style=\"background-color:rgba(0, 0, 0, 0)\" class=\"has-inline-color has-pale-cyan-blue-color\">.<\/mark><\/strong><\/p>\n\n\n\n<p>Il permet de plonger \u00e0 ses adh\u00e9rents et aux membres des clubs partenaires mais pas seulement, car dans le cadre de la charte \u00ab&nbsp;plonger autrement&nbsp;! plongez Normand&nbsp;!&nbsp;\u00bb, il permet aux plongeurs ext\u00e9rieurs de participer \u00e0 des&nbsp;sorties plong\u00e9es sur le bateau \u00ab&nbsp;ville d\u2019Arromanches&nbsp;\u00bb.&nbsp;<\/p>\n\n\n\n<p><strong>Pour plus de renseignements sur les plong\u00e9es :<\/strong><\/p>\n\n\n\n<p>Mail &nbsp;<a rel=\"noreferrer noopener\" href=\"mailto:renseignementplongeeycpac@gmail.com\" target=\"_blank\">renseignementplongeeycpac@gmail.com<\/a><\/p>\n\n\n\n<p>Mail inscriptions plong\u00e9es: <a href=\"mailto:inscriptionplongeeycpac@gmail.com\">inscriptionplongeeycpac@gmail.com<\/a><\/p>\n\n\n\n<p>T\u00e9l\u00e9phone :<strong>06 68 13 34 36<\/strong><\/p>\n\n\n\n<p><mark style=\"background-color:rgba(0, 0, 0, 0)\" class=\"has-inline-color has-vivid-red-color\"><strong>Pour info concernant la confirmation de la plong\u00e9e, consultez le r\u00e9pondeur du club au\u00a007 83 80 19 15 avant de partir<\/strong><\/mark><\/p>\n\n\n\n<p>Rendez-vous de l\u2019autre c\u00f4t\u00e9 du port, pr\u00e8s du local de la SNSM<\/p>\n\n\n<div class=\"wp-block-image is-style-default\">\n<figure class=\"alignleft size-large is-resized\"><img loading=\"lazy\" decoding=\"async\" width=\"769\" height=\"686\" src=\"https:\/\/arromanches-plongees-epaves.fr\/wp-content\/uploads\/2021\/05\/Acces-au-club.jpg\" alt=\"\" class=\"wp-image-737\" style=\"width:603px;height:539px\" srcset=\"https:\/\/arromanches-plongees-epaves.fr\/wp-content\/uploads\/2021\/05\/Acces-au-club.jpg 769w, https:\/\/arromanches-plongees-epaves.fr\/wp-content\/uploads\/2021\/05\/Acces-au-club-300x268.jpg 300w\" sizes=\"auto, (max-width: 769px) 100vw, 769px\" \/><\/figure>\n<\/div>\n\n\n<div class=\"wp-block-columns is-layout-flex wp-container-core-columns-is-layout-9d6595d7 wp-block-columns-is-layout-flex\"><\/div>\n\n\n\n<iframe src=\"https:\/\/www.google.com\/maps\/embed?pb=!1m18!1m12!1m3!1d2599.8801516512485!2d-0.46361938430866984!3d49.335487779337!2m3!1f0!2f0!3f0!3m2!1i1024!2i768!4f13.1!3m3!1m2!1s0x480a58e824683da3%3A0xe34ce9115fc7c31a!2sArromanches%20plong%C3%A9e%20-%20YCPWATP!5e0!3m2!1sfr!2sfr!4v1619792856668!5m2!1sfr!2sfr\" width=\"600\" height=\"450\" style=\"border:0;\" allowfullscreen=\"\" loading=\"lazy\"><\/iframe>\n\n\n\n<p><\/p>\n","protected":false},"excerpt":{"rendered":"<p>Sorties en mer Le club est bien \u00e9quip\u00e9 pour emmener des plongeurs de tout club, de diff\u00e9rents niveaux, \u00e0 condition que ceux-ci soient titulaires des comp\u00e9tences d\u00e9taill\u00e9es\u2026 ICI Il est&nbsp;g\u00e9r\u00e9 par des b\u00e9n\u00e9voles&nbsp;qui souhaitent&nbsp;faire profiter de son \u00e9quipement \u00e0 un maximum de plongeurs autonomes et faire conna\u00eetre les sites Normands tr\u00e8s int\u00e9ressants. Sa vocation n\u2019est<span class=\"post-excerpt-end\">&hellip;<\/span><\/p>\n<p class=\"more-link\"><a href=\"https:\/\/arromanches-plongees-epaves.fr\/index.php\/sorties-en-mer-2\/\" class=\"themebutton\">Read More<\/a><\/p>\n","protected":false},"author":1,"featured_media":404,"parent":0,"menu_order":0,"comment_status":"closed","ping_status":"closed","template":"","meta":{"footnotes":""},"class_list":["post-315","page","type-page","status-publish","has-post-thumbnail","hentry"],"_links":{"self":[{"href":"https:\/\/arromanches-plongees-epaves.fr\/index.php\/wp-json\/wp\/v2\/pages\/315","targetHints":{"allow":["GET"]}}],"collection":[{"href":"https:\/\/arromanches-plongees-epaves.fr\/index.php\/wp-json\/wp\/v2\/pages"}],"about":[{"href":"https:\/\/arromanches-plongees-epaves.fr\/index.php\/wp-json\/wp\/v2\/types\/page"}],"author":[{"embeddable":true,"href":"https:\/\/arromanches-plongees-epaves.fr\/index.php\/wp-json\/wp\/v2\/users\/1"}],"replies":[{"embeddable":true,"href":"https:\/\/arromanches-plongees-epaves.fr\/index.php\/wp-json\/wp\/v2\/comments?post=315"}],"version-history":[{"count":41,"href":"https:\/\/arromanches-plongees-epaves.fr\/index.php\/wp-json\/wp\/v2\/pages\/315\/revisions"}],"predecessor-version":[{"id":2141,"href":"https:\/\/arromanches-plongees-epaves.fr\/index.php\/wp-json\/wp\/v2\/pages\/315\/revisions\/2141"}],"wp:featuredmedia":[{"embeddable":true,"href":"https:\/\/arromanches-plongees-epaves.fr\/index.php\/wp-json\/wp\/v2\/media\/404"}],"wp:attachment":[{"href":"https:\/\/arromanches-plongees-epaves.fr\/index.php\/wp-json\/wp\/v2\/media?parent=315"}],"curies":[{"name":"wp","href":"https:\/\/api.w.org\/{rel}","templated":true}]}}