{"id":241,"date":"2021-04-24T14:00:28","date_gmt":"2021-04-24T12:00:28","guid":{"rendered":"https:\/\/arromanches-plongees-epaves.fr\/?page_id=241"},"modified":"2025-05-11T10:43:45","modified_gmt":"2025-05-11T08:43:45","slug":"presentation-du-club","status":"publish","type":"page","link":"https:\/\/arromanches-plongees-epaves.fr\/index.php\/presentation-du-club\/","title":{"rendered":"Pr\u00e9sentation du Club"},"content":{"rendered":"\n<div class=\"wp-block-group\"><div class=\"wp-block-group__inner-container is-layout-flow wp-block-group-is-layout-flow\">\n<div class=\"wp-block-columns is-layout-flex wp-container-core-columns-is-layout-9d6595d7 wp-block-columns-is-layout-flex\">\n<div class=\"wp-block-column is-layout-flow wp-block-column-is-layout-flow\">\n<div class=\"wp-block-group\"><div class=\"wp-block-group__inner-container is-layout-flow wp-block-group-is-layout-flow\">\n<div class=\"wp-block-columns is-layout-flex wp-container-core-columns-is-layout-9d6595d7 wp-block-columns-is-layout-flex\">\n<div class=\"wp-block-column is-layout-flow wp-block-column-is-layout-flow\">\n<div class=\"wp-block-columns is-layout-flex wp-container-core-columns-is-layout-9d6595d7 wp-block-columns-is-layout-flex\">\n<div class=\"wp-block-column is-layout-flow wp-block-column-is-layout-flow\" style=\"flex-basis:100%\">\n<div class=\"wp-block-columns is-layout-flex wp-container-core-columns-is-layout-9d6595d7 wp-block-columns-is-layout-flex\">\n<div class=\"wp-block-column is-layout-flow wp-block-column-is-layout-flow\" style=\"flex-basis:100%\">\n<div class=\"wp-block-group\"><div class=\"wp-block-group__inner-container is-layout-flow wp-block-group-is-layout-flow\">\n<div class=\"wp-block-columns is-layout-flex wp-container-core-columns-is-layout-9d6595d7 wp-block-columns-is-layout-flex\">\n<div class=\"wp-block-column is-layout-flow wp-block-column-is-layout-flow\">\n<figure class=\"wp-block-image size-full\"><img loading=\"lazy\" decoding=\"async\" width=\"612\" height=\"184\" src=\"https:\/\/arromanches-plongees-epaves.fr\/wp-content\/uploads\/2022\/09\/arro.jpg\" alt=\"\" class=\"wp-image-1531\" srcset=\"https:\/\/arromanches-plongees-epaves.fr\/wp-content\/uploads\/2022\/09\/arro.jpg 612w, https:\/\/arromanches-plongees-epaves.fr\/wp-content\/uploads\/2022\/09\/arro-300x90.jpg 300w\" sizes=\"auto, (max-width: 612px) 100vw, 612px\" \/><\/figure>\n<\/div>\n\n\n\n<div class=\"wp-block-column is-layout-flow wp-block-column-is-layout-flow\">\n<p>Le si\u00e8ge du club de plong\u00e9e <strong><mark style=\"background-color:rgba(0, 0, 0, 0)\" class=\"has-inline-color has-luminous-vivid-amber-color\">YCPAC<\/mark> <\/strong>est bas\u00e9 \u00e0 <strong>Arromanches<\/strong> et <strong>Courseulles<\/strong> en Normandie.<\/p>\n\n\n\n<p>Agr\u00e9\u00e9 par le minist\u00e8re jeunesse et sport et affili\u00e9 F.F.E.S.S.M., il est g\u00e9r\u00e9 par une association loi 1901.<\/p>\n<\/div>\n<\/div>\n<\/div><\/div>\n<\/div>\n<\/div>\n<\/div>\n<\/div>\n<\/div>\n<\/div>\n<\/div><\/div>\n<\/div>\n<\/div>\n<\/div><\/div>\n\n\n\n<div class=\"wp-block-media-text alignwide has-media-on-the-right is-stacked-on-mobile\" style=\"grid-template-columns:auto 35%\"><div class=\"wp-block-media-text__content\">\n<p>Cr\u00e9\u00e9 en 2003 et b\u00e9n\u00e9ficiant de fonds Europ\u00e9ens, d\u2019une aide du conseil g\u00e9n\u00e9ral du Calvados ainsi que de la municipalit\u00e9 d\u2019Arromanches les Bains, il met en construction en 2005 un bateau alu nomm\u00e9 \u00ab<mark style=\"background-color:rgba(0, 0, 0, 0)\" class=\"has-inline-color has-luminous-vivid-amber-color\"> <strong>ville d\u2019Arromanches<\/strong><\/mark> \u00bb, qui offre un confort tr\u00e8s appr\u00e9ciable avant et apr\u00e8s la plong\u00e9e. Le \u00ab<mark style=\"background-color:rgba(0, 0, 0, 0)\" class=\"has-inline-color has-luminous-vivid-amber-color\"> <strong>ville d\u2019Arromanches<\/strong> <\/mark>\u00bb, d\u2019une capacit\u00e9 de 20 plongeurs vous emm\u00e8ne rapidement sur le site choisi en fonction des conditions climatiques et des mar\u00e9es.<\/p>\n<\/div><figure class=\"wp-block-media-text__media\"><img loading=\"lazy\" decoding=\"async\" width=\"1024\" height=\"468\" src=\"https:\/\/arromanches-plongees-epaves.fr\/wp-content\/uploads\/2021\/04\/Bateau-au-port-de-Courseulles-e1663246600945-1024x468.jpg\" alt=\"\" class=\"wp-image-84 size-full\" srcset=\"https:\/\/arromanches-plongees-epaves.fr\/wp-content\/uploads\/2021\/04\/Bateau-au-port-de-Courseulles-e1663246600945-1024x468.jpg 1024w, https:\/\/arromanches-plongees-epaves.fr\/wp-content\/uploads\/2021\/04\/Bateau-au-port-de-Courseulles-e1663246600945-300x137.jpg 300w, https:\/\/arromanches-plongees-epaves.fr\/wp-content\/uploads\/2021\/04\/Bateau-au-port-de-Courseulles-e1663246600945-768x351.jpg 768w, https:\/\/arromanches-plongees-epaves.fr\/wp-content\/uploads\/2021\/04\/Bateau-au-port-de-Courseulles-e1663246600945.jpg 1428w\" sizes=\"auto, (max-width: 1024px) 100vw, 1024px\" \/><\/figure><\/div>\n\n\n\n<div class=\"wp-block-columns is-layout-flex wp-container-core-columns-is-layout-9d6595d7 wp-block-columns-is-layout-flex\">\n<div class=\"wp-block-column is-layout-flow wp-block-column-is-layout-flow\">\n<div class=\"wp-block-columns is-layout-flex wp-container-core-columns-is-layout-9d6595d7 wp-block-columns-is-layout-flex\">\n<div class=\"wp-block-column is-layout-flow wp-block-column-is-layout-flow\" style=\"flex-basis:100%\">\n<div class=\"wp-block-columns is-layout-flex wp-container-core-columns-is-layout-9d6595d7 wp-block-columns-is-layout-flex\">\n<div class=\"wp-block-column is-layout-flow wp-block-column-is-layout-flow\"><\/div>\n\n\n\n<div class=\"wp-block-column is-layout-flow wp-block-column-is-layout-flow\"><\/div>\n<\/div>\n\n\n\n<p><strong><mark style=\"background-color:rgba(0, 0, 0, 0)\" class=\"has-inline-color has-vivid-cyan-blue-color\"><em>Plong\u00e9es sur \u00e9paves<\/em><\/mark><\/strong><\/p>\n\n\n\n<div class=\"wp-block-media-text alignwide is-stacked-on-mobile\" style=\"grid-template-columns:17% auto\"><figure class=\"wp-block-media-text__media\"><img loading=\"lazy\" decoding=\"async\" width=\"720\" height=\"540\" src=\"https:\/\/arromanches-plongees-epaves.fr\/wp-content\/uploads\/2022\/09\/FB_IMG_1663388554718.jpg\" alt=\"\" class=\"wp-image-1407 size-full\" srcset=\"https:\/\/arromanches-plongees-epaves.fr\/wp-content\/uploads\/2022\/09\/FB_IMG_1663388554718.jpg 720w, https:\/\/arromanches-plongees-epaves.fr\/wp-content\/uploads\/2022\/09\/FB_IMG_1663388554718-300x225.jpg 300w\" sizes=\"auto, (max-width: 720px) 100vw, 720px\" \/><\/figure><div class=\"wp-block-media-text__content\">\n<p>Le d\u00e9barquement de juin 1944 a laiss\u00e9 de nombreux vestiges o\u00f9 la    faune et la flore ont \u00e9lu domicile. Cargos transport de troupes, barges, pontons et chalands de d\u00e9barquement b\u00e9n\u00e9ficient d\u2019une vie abondante (congres, bars, lieus, homards, crabes, tacots, vieilles,&#8230;&#8230;)<\/p>\n<\/div><\/div>\n\n\n\n<p><\/p>\n\n\n\n<div class=\"wp-block-media-text alignwide has-media-on-the-right is-stacked-on-mobile\" style=\"grid-template-columns:auto 22%\"><div class=\"wp-block-media-text__content\">\n<p>Le club organise des sorties plong\u00e9es sur \u00e9paves entre PORT en BESSIN et OUISTREHAM mais de temps en temps, entre Le Havre et les \u00eeles St Marcouf, au large de Grandcamp Maisy, lors de sorties en mer \u00e0 la journ\u00e9e (2 plong\u00e9es). Il sort toute l\u2019ann\u00e9e les week-ends, et en semaine pendant l\u2019\u00e9t\u00e9 (Juillet et Ao\u00fbt). Il est un des rares clubs de la r\u00e9gion \u00e0 proposer de plonger le plus souvent au large, gr\u00e2ce \u00e0 son bateau alu, ce qui assure une visibilit\u00e9 correcte en plong\u00e9e la plupart du temps. Le plongeur trouve ici, des profondeurs moyennes (entre 22m et 42m) et de belles \u00e9paves \u00e0 explorer.<\/p>\n<\/div><figure class=\"wp-block-media-text__media\"><img decoding=\"async\" src=\"https:\/\/arromanches-plongees-epaves.fr\/wp-content\/uploads\/2021\/04\/cropped-cropped-DSC_0026_pom_pom-scaled-1-1024x680.jpg\" alt=\"\" class=\"wp-image-136 size-full\"\/><\/figure><\/div>\n\n\n\n<p class=\"has-text-align-left\"><\/p>\n\n\n<p>[trustindex no-registration=google]<\/p>\n\n\n\n<p class=\"has-text-align-left\"><\/p>\n<\/div>\n<\/div>\n<\/div>\n<\/div>\n\n\n\n<div class=\"wp-block-columns is-layout-flex wp-container-core-columns-is-layout-9d6595d7 wp-block-columns-is-layout-flex\">\n<div class=\"wp-block-column is-layout-flow wp-block-column-is-layout-flow\"><\/div>\n<\/div>\n\n\n\n<p class=\"has-text-align-left\"><\/p>\n","protected":false},"excerpt":{"rendered":"<p>Le si\u00e8ge du club de plong\u00e9e YCPAC est bas\u00e9 \u00e0 Arromanches et Courseulles en Normandie. Agr\u00e9\u00e9 par le minist\u00e8re jeunesse et sport et affili\u00e9 F.F.E.S.S.M., il est g\u00e9r\u00e9 par une association loi 1901. Cr\u00e9\u00e9 en 2003 et b\u00e9n\u00e9ficiant de fonds Europ\u00e9ens, d\u2019une aide du conseil g\u00e9n\u00e9ral du Calvados ainsi que de la municipalit\u00e9 d\u2019Arromanches les<span class=\"post-excerpt-end\">&hellip;<\/span><\/p>\n<p class=\"more-link\"><a href=\"https:\/\/arromanches-plongees-epaves.fr\/index.php\/presentation-du-club\/\" class=\"themebutton\">Read More<\/a><\/p>\n","protected":false},"author":1,"featured_media":0,"parent":0,"menu_order":0,"comment_status":"closed","ping_status":"closed","template":"","meta":{"footnotes":""},"class_list":["post-241","page","type-page","status-publish","hentry"],"_links":{"self":[{"href":"https:\/\/arromanches-plongees-epaves.fr\/index.php\/wp-json\/wp\/v2\/pages\/241","targetHints":{"allow":["GET"]}}],"collection":[{"href":"https:\/\/arromanches-plongees-epaves.fr\/index.php\/wp-json\/wp\/v2\/pages"}],"about":[{"href":"https:\/\/arromanches-plongees-epaves.fr\/index.php\/wp-json\/wp\/v2\/types\/page"}],"author":[{"embeddable":true,"href":"https:\/\/arromanches-plongees-epaves.fr\/index.php\/wp-json\/wp\/v2\/users\/1"}],"replies":[{"embeddable":true,"href":"https:\/\/arromanches-plongees-epaves.fr\/index.php\/wp-json\/wp\/v2\/comments?post=241"}],"version-history":[{"count":206,"href":"https:\/\/arromanches-plongees-epaves.fr\/index.php\/wp-json\/wp\/v2\/pages\/241\/revisions"}],"predecessor-version":[{"id":2246,"href":"https:\/\/arromanches-plongees-epaves.fr\/index.php\/wp-json\/wp\/v2\/pages\/241\/revisions\/2246"}],"wp:attachment":[{"href":"https:\/\/arromanches-plongees-epaves.fr\/index.php\/wp-json\/wp\/v2\/media?parent=241"}],"curies":[{"name":"wp","href":"https:\/\/api.w.org\/{rel}","templated":true}]}}