{"id":218,"date":"2021-04-24T13:29:55","date_gmt":"2021-04-24T11:29:55","guid":{"rendered":"https:\/\/arromanches-plongees-epaves.fr\/?page_id=218"},"modified":"2025-10-30T10:04:06","modified_gmt":"2025-10-30T09:04:06","slug":"adhesion-licence","status":"publish","type":"page","link":"https:\/\/arromanches-plongees-epaves.fr\/index.php\/adhesion-licence\/","title":{"rendered":"Adh\u00e9sion \/ Licence"},"content":{"rendered":"\n<p><strong><span style=\"background-color:rgba(0, 0, 0, 0)\" class=\"has-inline-color has-vivid-cyan-blue-color\">Adh\u00e9sion \/ Licence<\/span><\/strong><\/p>\n\n\n\n<p><a href=\"https:\/\/arromanches-plongees-epaves.fr\/wp-admin\/edit.php?post_type=page\"><\/a><\/p>\n\n\n\n<p><\/p>\n\n\n\n<p>Les adh\u00e9sions au club YCPAC se font \u00e0 partir du<mark style=\"background-color:rgba(0, 0, 0, 0)\" class=\"has-inline-color has-black-color\"> 01  Janvier<\/mark><mark style=\"background-color:rgba(0, 0, 0, 0)\" class=\"has-inline-color has-vivid-cyan-blue-color\"><strong> <\/strong><\/mark>au  31 Decembre de l&rsquo;ann\u00e9e en cours .<\/p>\n\n\n\n<p>Pour les personnes qui auraient oubli\u00e9 de s\u2019inscrire ou qui connaissent le club depuis peu de temps, il est toujours possible d\u2019adh\u00e9rer en cours d\u2019ann\u00e9e.<\/p>\n\n\n\n<p>Les demandes de licence&nbsp;peuvent se faire \u00e0 tout moment et dans les m\u00eames conditions que les adh\u00e9sions.<\/p>\n\n\n\n<p><\/p>\n\n\n\n<p><strong><u><span class=\"has-inline-color has-vivid-cyan-blue-color\">Formalit\u00e9s :<\/span><\/u><\/strong><\/p>\n\n\n\n<p class=\"has-text-align-center\">Envoyer tous les documents et le r\u00e8glement par courrier \u00e0 l\u2019adresse &nbsp;du Club  :<\/p>\n\n\n\n<p class=\"has-text-align-center\"> Val\u00e9rie Veyri YCPAC.<\/p>\n\n\n\n<p class=\"has-text-align-center\"> 134  impasse les Grands Champs 14430 BRANVILLE <\/p>\n\n\n\n<p class=\"has-text-align-center\"> Si vous \u00eates nouvel adh\u00e9rent, contactez  par le biais de ce  mail  pour plus de renseignements.<\/p>\n\n\n\n<p class=\"has-text-align-center\">Mail&nbsp;:&nbsp;&nbsp; <a href=\"mailto: adhesionlicenceycpac@gmail.com\"> adhesionlicenceycpac@gmail.com<\/a><\/p>\n\n\n\n<div class=\"wp-block-columns is-layout-flex wp-container-core-columns-is-layout-9d6595d7 wp-block-columns-is-layout-flex\">\n<div class=\"wp-block-column is-vertically-aligned-bottom is-layout-flow wp-block-column-is-layout-flow\">\n<div class=\"wp-block-group\"><div class=\"wp-block-group__inner-container is-layout-flow wp-block-group-is-layout-flow\"><\/div><\/div>\n\n\n\n<div class=\"wp-block-group\"><div class=\"wp-block-group__inner-container is-layout-flow wp-block-group-is-layout-flow\"><\/div><\/div>\n\n\n\n<div class=\"wp-block-columns is-layout-flex wp-container-core-columns-is-layout-9d6595d7 wp-block-columns-is-layout-flex\">\n<div class=\"wp-block-column is-layout-flow wp-block-column-is-layout-flow\" style=\"flex-basis:100%\">\n<div class=\"wp-block-group\"><div class=\"wp-block-group__inner-container is-layout-flow wp-block-group-is-layout-flow\">\n<div class=\"wp-block-columns is-layout-flex wp-container-core-columns-is-layout-9d6595d7 wp-block-columns-is-layout-flex\">\n<div class=\"wp-block-column is-vertically-aligned-bottom is-layout-flow wp-block-column-is-layout-flow\"><div class=\"wp-block-image\">\n<figure class=\"aligncenter size-large is-resized\"><a href=\"https:\/\/arromanches-plongees-epaves.fr\/wp-content\/uploads\/2025\/10\/Formulaire-adhesion-et-licence-2026.pdf\"><img loading=\"lazy\" decoding=\"async\" width=\"724\" height=\"1024\" src=\"https:\/\/arromanches-plongees-epaves.fr\/wp-content\/uploads\/2025\/10\/Formulaire-adhesion-et-licence-2026-nouv_page-0001-724x1024.jpg\" alt=\"\" class=\"wp-image-2288\" style=\"width:277px;height:392px\" srcset=\"https:\/\/arromanches-plongees-epaves.fr\/wp-content\/uploads\/2025\/10\/Formulaire-adhesion-et-licence-2026-nouv_page-0001-724x1024.jpg 724w, https:\/\/arromanches-plongees-epaves.fr\/wp-content\/uploads\/2025\/10\/Formulaire-adhesion-et-licence-2026-nouv_page-0001-212x300.jpg 212w, https:\/\/arromanches-plongees-epaves.fr\/wp-content\/uploads\/2025\/10\/Formulaire-adhesion-et-licence-2026-nouv_page-0001-768x1086.jpg 768w, https:\/\/arromanches-plongees-epaves.fr\/wp-content\/uploads\/2025\/10\/Formulaire-adhesion-et-licence-2026-nouv_page-0001-1086x1536.jpg 1086w, https:\/\/arromanches-plongees-epaves.fr\/wp-content\/uploads\/2025\/10\/Formulaire-adhesion-et-licence-2026-nouv_page-0001.jpg 1241w\" sizes=\"auto, (max-width: 724px) 100vw, 724px\" \/><\/a><\/figure>\n<\/div>\n\n\n<pre class=\"wp-block-preformatted\">   <mark style=\"background-color:rgba(0, 0, 0, 0)\" class=\"has-inline-color has-luminous-vivid-orange-color\">Adhesion et Licence 2026<\/mark>                                                                                                    <\/pre>\n<\/div>\n\n\n\n<div class=\"wp-block-column is-layout-flow wp-block-column-is-layout-flow\">\n<figure class=\"wp-block-image size-large is-resized\"><img decoding=\"async\" src=\"https:\/\/arromanches-plongees-epaves.fr\/wp-content\/uploads\/2021\/07\/Formulaire-adhesion-et-licence-promo-2021_page-0001-1-1-724x1024.jpg\" alt=\"\" class=\"wp-image-1125\" style=\"width:0px;height:0px\"\/><\/figure>\n\n\n<div class=\"wp-block-image is-style-default\">\n<figure class=\"alignleft size-large is-resized\"><a href=\"https:\/\/plongee.ffessm.fr\/uploads\/media\/docs\/0001\/10\/cc52369d6265325c18dc143fc87cb82140f833dd.pdf\" target=\"_blank\" rel=\"noreferrer noopener\"><img loading=\"lazy\" decoding=\"async\" width=\"724\" height=\"1024\" src=\"https:\/\/arromanches-plongees-epaves.fr\/wp-content\/uploads\/2022\/09\/certif-medical_page-0001-724x1024.jpg\" alt=\"\" class=\"wp-image-1378\" style=\"width:269px;height:381px\" srcset=\"https:\/\/arromanches-plongees-epaves.fr\/wp-content\/uploads\/2022\/09\/certif-medical_page-0001-724x1024.jpg 724w, https:\/\/arromanches-plongees-epaves.fr\/wp-content\/uploads\/2022\/09\/certif-medical_page-0001-212x300.jpg 212w, https:\/\/arromanches-plongees-epaves.fr\/wp-content\/uploads\/2022\/09\/certif-medical_page-0001-768x1086.jpg 768w, https:\/\/arromanches-plongees-epaves.fr\/wp-content\/uploads\/2022\/09\/certif-medical_page-0001-1086x1536.jpg 1086w, https:\/\/arromanches-plongees-epaves.fr\/wp-content\/uploads\/2022\/09\/certif-medical_page-0001.jpg 1241w\" sizes=\"auto, (max-width: 724px) 100vw, 724px\" \/><\/a><figcaption class=\"wp-element-caption\">          <span class=\"has-inline-color has-luminous-vivid-orange-color\">Certification M\u00e9dicale<\/span><\/figcaption><\/figure>\n<\/div><\/div>\n\n\n\n<div class=\"wp-block-column is-vertically-aligned-center is-layout-flow wp-block-column-is-layout-flow\"><div class=\"wp-block-image\">\n<figure class=\"alignleft size-large is-resized\"><a href=\"https:\/\/arromanches-plongees-epaves.fr\/wp-content\/uploads\/2025\/10\/Formulaire-licence-uniquement-2026-nouv.pdf\"><img loading=\"lazy\" decoding=\"async\" width=\"725\" height=\"1024\" src=\"https:\/\/arromanches-plongees-epaves.fr\/wp-content\/uploads\/2025\/10\/Formulaire-licence-uniquement-2026-nouv_page-0001-725x1024.jpg\" alt=\"\" class=\"wp-image-2295\" style=\"width:289px;height:409px\" srcset=\"https:\/\/arromanches-plongees-epaves.fr\/wp-content\/uploads\/2025\/10\/Formulaire-licence-uniquement-2026-nouv_page-0001-725x1024.jpg 725w, https:\/\/arromanches-plongees-epaves.fr\/wp-content\/uploads\/2025\/10\/Formulaire-licence-uniquement-2026-nouv_page-0001-212x300.jpg 212w, https:\/\/arromanches-plongees-epaves.fr\/wp-content\/uploads\/2025\/10\/Formulaire-licence-uniquement-2026-nouv_page-0001-768x1085.jpg 768w, https:\/\/arromanches-plongees-epaves.fr\/wp-content\/uploads\/2025\/10\/Formulaire-licence-uniquement-2026-nouv_page-0001-1087x1536.jpg 1087w, https:\/\/arromanches-plongees-epaves.fr\/wp-content\/uploads\/2025\/10\/Formulaire-licence-uniquement-2026-nouv_page-0001.jpg 1242w\" sizes=\"auto, (max-width: 725px) 100vw, 725px\" \/><\/a><figcaption class=\"wp-element-caption\"><mark style=\"background-color:rgba(0, 0, 0, 0)\" class=\"has-inline-color has-luminous-vivid-orange-color\">Licence sans Adh\u00e9sion  2026<\/mark><\/figcaption><\/figure>\n<\/div>\n\n\n<p><\/p>\n<\/div>\n<\/div>\n<\/div><\/div>\n<\/div>\n<\/div>\n<\/div>\n<\/div>\n\n\n\n<p><\/p>\n","protected":false},"excerpt":{"rendered":"<p>Adh\u00e9sion \/ Licence Les adh\u00e9sions au club YCPAC se font \u00e0 partir du 01 Janvier au 31 Decembre de l&rsquo;ann\u00e9e en cours . Pour les personnes qui auraient oubli\u00e9 de s\u2019inscrire ou qui connaissent le club depuis peu de temps, il est toujours possible d\u2019adh\u00e9rer en cours d\u2019ann\u00e9e. Les demandes de licence&nbsp;peuvent se faire \u00e0<span class=\"post-excerpt-end\">&hellip;<\/span><\/p>\n<p class=\"more-link\"><a href=\"https:\/\/arromanches-plongees-epaves.fr\/index.php\/adhesion-licence\/\" class=\"themebutton\">Read More<\/a><\/p>\n","protected":false},"author":1,"featured_media":758,"parent":0,"menu_order":0,"comment_status":"closed","ping_status":"closed","template":"","meta":{"footnotes":""},"class_list":["post-218","page","type-page","status-publish","has-post-thumbnail","hentry"],"_links":{"self":[{"href":"https:\/\/arromanches-plongees-epaves.fr\/index.php\/wp-json\/wp\/v2\/pages\/218","targetHints":{"allow":["GET"]}}],"collection":[{"href":"https:\/\/arromanches-plongees-epaves.fr\/index.php\/wp-json\/wp\/v2\/pages"}],"about":[{"href":"https:\/\/arromanches-plongees-epaves.fr\/index.php\/wp-json\/wp\/v2\/types\/page"}],"author":[{"embeddable":true,"href":"https:\/\/arromanches-plongees-epaves.fr\/index.php\/wp-json\/wp\/v2\/users\/1"}],"replies":[{"embeddable":true,"href":"https:\/\/arromanches-plongees-epaves.fr\/index.php\/wp-json\/wp\/v2\/comments?post=218"}],"version-history":[{"count":242,"href":"https:\/\/arromanches-plongees-epaves.fr\/index.php\/wp-json\/wp\/v2\/pages\/218\/revisions"}],"predecessor-version":[{"id":2297,"href":"https:\/\/arromanches-plongees-epaves.fr\/index.php\/wp-json\/wp\/v2\/pages\/218\/revisions\/2297"}],"wp:featuredmedia":[{"embeddable":true,"href":"https:\/\/arromanches-plongees-epaves.fr\/index.php\/wp-json\/wp\/v2\/media\/758"}],"wp:attachment":[{"href":"https:\/\/arromanches-plongees-epaves.fr\/index.php\/wp-json\/wp\/v2\/media?parent=218"}],"curies":[{"name":"wp","href":"https:\/\/api.w.org\/{rel}","templated":true}]}}